{"id":205,"date":"2025-05-27T13:16:23","date_gmt":"2025-05-27T11:16:23","guid":{"rendered":"https:\/\/2025.tooliss.de\/?page_id=205"},"modified":"2025-08-19T10:26:37","modified_gmt":"2025-08-19T08:26:37","slug":"home","status":"publish","type":"page","link":"https:\/\/tooliss.de\/en\/","title":{"rendered":"Home"},"content":{"rendered":"<main class=\"wp-block-group alignfull is-layout-flow wp-container-core-group-is-layout-bb62f62d wp-block-group-is-layout-flow\" style=\"margin-top:0\">\n<div class=\"wp-block-group alignfull has-global-padding is-layout-constrained wp-container-core-group-is-layout-fa144b7b wp-block-group-is-layout-constrained\" style=\"padding-top:var(--wp--preset--spacing--40);padding-right:var(--wp--preset--spacing--50);padding-bottom:var(--wp--preset--spacing--40);padding-left:var(--wp--preset--spacing--50)\">\n<div class=\"wp-block-group has-global-padding is-layout-constrained wp-container-core-group-is-layout-e555385e wp-block-group-is-layout-constrained\">\n<h2 class=\"wp-block-heading has-text-align-center is-style-default\">technical plastic and metal parts<\/h2>\n\n\n\n<div style=\"height:1.25rem\" aria-hidden=\"true\" class=\"wp-block-spacer\"><\/div>\n\n\n\n<p class=\"has-text-align-center\">Wir unterst\u00fctzen Sie bei der Beschaffung jeglicher Kunststoff- und Metallteile in verschiedenen Herstellungsverfahren, damit Sie ein ideales Ergebnis erzielen.<\/p>\n\n\n\n<div style=\"height:1.25rem\" aria-hidden=\"true\" class=\"wp-block-spacer\"><\/div>\n<\/div>\n\n\n\n<div style=\"height:var(--wp--preset--spacing--30)\" aria-hidden=\"true\" class=\"wp-block-spacer\"><\/div>\n\n\n\n<figure class=\"wp-block-image alignwide size-full has-custom-border is-style-rounded is-style-rounded--1\"><img loading=\"lazy\" decoding=\"async\" width=\"1700\" height=\"450\" src=\"https:\/\/2025.tooliss.de\/wp-content\/uploads\/2025\/06\/Header-2.png\" alt=\"\" class=\"wp-image-535\" style=\"border-radius:6px\" srcset=\"https:\/\/tooliss.de\/wp-content\/uploads\/2025\/06\/Header-2.png 1700w, https:\/\/tooliss.de\/wp-content\/uploads\/2025\/06\/Header-2-300x79.png 300w, https:\/\/tooliss.de\/wp-content\/uploads\/2025\/06\/Header-2-1024x271.png 1024w, https:\/\/tooliss.de\/wp-content\/uploads\/2025\/06\/Header-2-768x203.png 768w, https:\/\/tooliss.de\/wp-content\/uploads\/2025\/06\/Header-2-1536x407.png 1536w, https:\/\/tooliss.de\/wp-content\/uploads\/2025\/06\/Header-2-18x5.png 18w\" sizes=\"auto, (max-width: 1700px) 100vw, 1700px\" \/><\/figure>\n<\/div>\n\n\n\n<div class=\"wp-block-group alignfull has-base-2-background-color has-background has-global-padding is-layout-constrained wp-container-core-group-is-layout-afe37362 wp-block-group-is-layout-constrained\" style=\"margin-top:0;margin-bottom:0;padding-top:var(--wp--preset--spacing--40);padding-right:var(--wp--preset--spacing--50);padding-bottom:var(--wp--preset--spacing--40);padding-left:var(--wp--preset--spacing--50)\">\n<div class=\"wp-block-group is-vertical is-content-justification-center is-layout-flex wp-container-core-group-is-layout-52b864f0 wp-block-group-is-layout-flex\">\n<h2 class=\"wp-block-heading has-text-align-center is-style-default\">our service for you<\/h2>\n<\/div>\n\n\n\n<div style=\"margin-top:0;margin-bottom:0;height:var(--wp--preset--spacing--40)\" aria-hidden=\"true\" class=\"wp-block-spacer\"><\/div>\n\n\n\n<div class=\"wp-block-columns alignwide is-layout-flex wp-container-core-columns-is-layout-d0bbbce0 wp-block-columns-is-layout-flex\">\n<div class=\"wp-block-column is-layout-flow wp-container-core-column-is-layout-e3d1c41b wp-block-column-is-layout-flow\">\n<h4 class=\"wp-block-heading has-text-align-left is-style-default has-body-font-family\" style=\"font-style:normal;font-weight:500\">Fertigungsverfahren<\/h4>\n\n\n\n<p>Wir analysieren, ob konstruktive \u00c4nderungen den Einsatz kosteng\u00fcnstigerer Fertigungsverfahren erm\u00f6glichen \u2013 f\u00fcr mehr Wirtschaftlichkeit ohne Qualit\u00e4tseinbu\u00dfen.<\/p>\n<\/div>\n\n\n\n<div class=\"wp-block-column is-layout-flow wp-container-core-column-is-layout-e3d1c41b wp-block-column-is-layout-flow\">\n<h4 class=\"wp-block-heading has-text-align-left is-style-default has-body-font-family\" style=\"font-style:normal;font-weight:500\">Tool technology<\/h4>\n\n\n\n<p>Wir pr\u00fcfen, welche Werkzeugtechnik sich f\u00fcr Ihre Anwendung am besten eignet \u2013 z.\u202fB. Wendeplatten, Indexplatten oder W\u00fcrfeltechnik im Spritzguss.<\/p>\n<\/div>\n\n\n\n<div class=\"wp-block-column is-layout-flow wp-container-core-column-is-layout-e3d1c41b wp-block-column-is-layout-flow\">\n<h4 class=\"wp-block-heading has-text-align-left is-style-default has-body-font-family\" style=\"font-style:normal;font-weight:500\">Technology neutral<\/h4>\n\n\n\n<p>Wir sind unabh\u00e4ngig und analysieren alternative Fertigungstechnologien, die wirklich zu Ihrem Projekt passen.<br>Denn klassische Lieferanten beraten oft nur im Rahmen ihrer eigenen Fertigungsm\u00f6glichkeiten.<\/p>\n<\/div>\n<\/div>\n\n\n\n<div style=\"height:var(--wp--preset--spacing--20)\" aria-hidden=\"true\" class=\"wp-block-spacer\"><\/div>\n\n\n\n<div class=\"wp-block-columns alignwide is-layout-flex wp-container-core-columns-is-layout-d0bbbce0 wp-block-columns-is-layout-flex\">\n<div class=\"wp-block-column is-layout-flow wp-container-core-column-is-layout-e3d1c41b wp-block-column-is-layout-flow\">\n<h4 class=\"wp-block-heading has-text-align-left is-style-default has-body-font-family\" style=\"font-style:normal;font-weight:500\">Value analysis<\/h4>\n\n\n\n<p>Unsere individuelle Wertanalyse-Matrix zeigt Ihnen die technisch passenden Verfahren sowie die Bauteil- und Werkzeugkosten \u2013 transparent, vergleichbar und \u00fcbersichtlich.<\/p>\n<\/div>\n\n\n\n<div class=\"wp-block-column is-layout-flow wp-container-core-column-is-layout-e3d1c41b wp-block-column-is-layout-flow\">\n<h4 class=\"wp-block-heading has-text-align-left is-style-default has-body-font-family\" style=\"font-style:normal;font-weight:500\">Free of charge<\/h4>\n\n\n\n<p class=\"has-text-align-left\">Unsere Beratung ist kostenfrei, neutral und unabh\u00e4ngig. Dabei handeln wir stets gewissenhaft, mit klarem Fokus auf technische Machbarkeit und wirtschaftliche Effizienz.<\/p>\n<\/div>\n\n\n\n<div class=\"wp-block-column is-layout-flow wp-container-core-column-is-layout-e3d1c41b wp-block-column-is-layout-flow\">\n<h4 class=\"wp-block-heading has-text-align-left is-style-default has-body-font-family\" style=\"font-style:normal;font-weight:500\">Direkter Kontakt<\/h4>\n\n\n\n<p class=\"has-text-align-left\">Da wir keine Handelsvertretung sind, erfolgt die Abwicklung direkt zwischen Ihnen und dem Produzenten \u2013 transparent, effizient und ohne Zwischenhandel.<\/p>\n<\/div>\n<\/div>\n\n\n\n<div style=\"height:var(--wp--preset--spacing--20)\" aria-hidden=\"true\" class=\"wp-block-spacer\"><\/div>\n\n\n\n<div class=\"wp-block-columns alignwide is-layout-flex wp-container-core-columns-is-layout-d0bbbce0 wp-block-columns-is-layout-flex\">\n<div class=\"wp-block-column is-layout-flow wp-container-core-column-is-layout-e3d1c41b wp-block-column-is-layout-flow\">\n<h4 class=\"wp-block-heading has-text-align-left is-style-default has-body-font-family\" style=\"font-style:normal;font-weight:500\">Requirements<\/h4>\n\n\n\n<p class=\"has-text-align-left\">Wir arbeiten mit einem gro\u00dfen Netzwerk qualifizierter Lieferanten zusammen und w\u00e4hlen diese projektspezifisch nach klar definierten Kriterien aus (z.B. geografische Lage, Referenzen, Zertifizierungen, Unternehmensgr\u00f6\u00dfe). So stellen wir sicher, dass jeder Partner genau zu Ihren Anforderungen passt \u2013 technisch, organisatorisch und wirtschaftlich.<\/p>\n<\/div>\n\n\n\n<div class=\"wp-block-column is-layout-flow wp-container-core-column-is-layout-e3d1c41b wp-block-column-is-layout-flow\">\n<h4 class=\"wp-block-heading has-text-align-left is-style-default has-body-font-family\" style=\"font-style:normal;font-weight:500\">Confidentiality<\/h4>\n\n\n\n<p class=\"has-text-align-left\">Mit unseren Partnern schlie\u00dfen wir Vereinbarungen ab. Selbstverst\u00e4ndlich behandeln wir alle Anfragen streng vertraulich \u2013 von der ersten Idee bis zur finalen Umsetzung.<\/p>\n<\/div>\n\n\n\n<div class=\"wp-block-column is-layout-flow wp-container-core-column-is-layout-e3d1c41b wp-block-column-is-layout-flow\">\n<h4 class=\"wp-block-heading has-text-align-left is-style-default has-body-font-family\" style=\"font-style:normal;font-weight:500\">Tool relocation<\/h4>\n\n\n\n<p>Wenn es bei bestehenden Lieferanten hakt, unterst\u00fctzen wir Sie kompetent und pragmatisch. Wir stellen Ihnen alternative Lieferanten vor, die Ihre Bestandswerkzeuge \u00fcbernehmen und Ihre Anforderungen zuverl\u00e4ssig erf\u00fcllen.<\/p>\n<\/div>\n<\/div>\n\n\n\n<div class=\"wp-block-buttons is-content-justification-center is-layout-flex wp-container-core-buttons-is-layout-a89b3969 wp-block-buttons-is-layout-flex\">\n<div class=\"wp-block-button\"><a class=\"wp-block-button__link wp-element-button\" href=\"https:\/\/2025.tooliss.de\/dienstleistung\/\">further details<\/a><\/div>\n<\/div>\n<\/div>\n\n\n\n<div class=\"wp-block-group alignfull has-global-padding is-layout-constrained wp-container-core-group-is-layout-9cdf5da9 wp-block-group-is-layout-constrained\" style=\"margin-top:0;margin-bottom:0;padding-top:var(--wp--preset--spacing--40);padding-right:var(--wp--preset--spacing--50);padding-bottom:var(--wp--preset--spacing--40);padding-left:var(--wp--preset--spacing--50)\">\n<div class=\"wp-block-group alignwide is-layout-flow wp-container-core-group-is-layout-a77db08e wp-block-group-is-layout-flow\">\n<div class=\"wp-block-group is-vertical is-content-justification-center is-layout-flex wp-container-core-group-is-layout-6329a8f3 wp-block-group-is-layout-flex\">\n<h2 class=\"wp-block-heading has-text-align-center is-style-default\">Technologies<\/h2>\n<\/div>\n\n\n\n<div style=\"height:var(--wp--preset--spacing--40)\" aria-hidden=\"true\" class=\"wp-block-spacer\"><\/div>\n\n\n\n<div class=\"wp-block-columns alignwide is-layout-flex wp-container-core-columns-is-layout-d1c656ed wp-block-columns-is-layout-flex\">\n<div class=\"wp-block-column is-vertically-aligned-center is-layout-flow wp-block-column-is-layout-flow\" style=\"flex-basis:40%\">\n<h4 class=\"wp-block-heading is-style-default has-body-font-family\" style=\"font-style:normal;font-weight:500\">plastic<\/h4>\n\n\n\n<ul style=\"line-height:1.75\" class=\"wp-block-list is-style-checkmark-list\">\n<li>injection molding <br>(e.g. multi-K, internal gas pressure, metal overmolding, TSG)<\/li>\n\n\n\n<li>thermoforming (e.g. Twin Sheet)<\/li>\n\n\n\n<li>SMC, BMC, DCPD<\/li>\n\n\n\n<li>PUR (soft, hard)<\/li>\n\n\n\n<li>EPP, EPS<\/li>\n\n\n\n<li>blow molding, rotational molding<\/li>\n\n\n\n<li>profiles<\/li>\n<\/ul>\n<\/div>\n\n\n\n<div class=\"wp-block-column is-layout-flow wp-block-column-is-layout-flow\" style=\"flex-basis:60%\">\n<figure class=\"wp-block-image size-full has-custom-border is-style-rounded is-style-rounded--2\"><img loading=\"lazy\" decoding=\"async\" width=\"990\" height=\"350\" src=\"http:\/\/2025.tooliss.de\/wp-content\/uploads\/2025\/05\/Zimmer_en-puls2_Titel_990x350.jpg\" alt=\"\" class=\"wp-image-32\" style=\"border-radius:6px\" srcset=\"https:\/\/tooliss.de\/wp-content\/uploads\/2025\/05\/Zimmer_en-puls2_Titel_990x350.jpg 990w, https:\/\/tooliss.de\/wp-content\/uploads\/2025\/05\/Zimmer_en-puls2_Titel_990x350-300x106.jpg 300w, https:\/\/tooliss.de\/wp-content\/uploads\/2025\/05\/Zimmer_en-puls2_Titel_990x350-768x272.jpg 768w\" sizes=\"auto, (max-width: 990px) 100vw, 990px\" \/><\/figure>\n<\/div>\n<\/div>\n\n\n\n<div style=\"height:var(--wp--preset--spacing--40)\" aria-hidden=\"true\" class=\"wp-block-spacer\"><\/div>\n\n\n\n<div class=\"wp-block-columns alignwide is-layout-flex wp-container-core-columns-is-layout-d1c656ed wp-block-columns-is-layout-flex\">\n<div class=\"wp-block-column is-layout-flow wp-block-column-is-layout-flow\" style=\"flex-basis:60%\">\n<figure class=\"wp-block-image size-full has-custom-border is-style-rounded is-style-rounded--3\"><img loading=\"lazy\" decoding=\"async\" width=\"990\" height=\"350\" src=\"http:\/\/2025.tooliss.de\/wp-content\/uploads\/2025\/05\/3408060826_images_solon_masate.jpg\" alt=\"\" class=\"wp-image-33\" style=\"border-radius:6px\" srcset=\"https:\/\/tooliss.de\/wp-content\/uploads\/2025\/05\/3408060826_images_solon_masate.jpg 990w, https:\/\/tooliss.de\/wp-content\/uploads\/2025\/05\/3408060826_images_solon_masate-300x106.jpg 300w, https:\/\/tooliss.de\/wp-content\/uploads\/2025\/05\/3408060826_images_solon_masate-768x272.jpg 768w\" sizes=\"auto, (max-width: 990px) 100vw, 990px\" \/><\/figure>\n<\/div>\n\n\n\n<div class=\"wp-block-column is-vertically-aligned-center is-layout-flow wp-block-column-is-layout-flow\" style=\"flex-basis:40%\">\n<h4 class=\"wp-block-heading is-style-default has-body-font-family\" style=\"font-style:normal;font-weight:500\">metal<\/h4>\n\n\n\n<ul style=\"line-height:1.75\" class=\"wp-block-list is-style-checkmark-list\">\n<li>casting process <br>(e.g. die casting, gravity die casting, sand casting, investment casting)<\/li>\n\n\n\n<li>MIM, sintered parts, powder metal<\/li>\n\n\n\n<li>forged parts<\/li>\n\n\n\n<li>sheet metal parts <br>(e.g. edging, lasering, deep drawing, hydroforming, punching and bending)<\/li>\n\n\n\n<li>mechanical processing (turning, milling)<\/li>\n\n\n\n<li>profiles<\/li>\n<\/ul>\n<\/div>\n<\/div>\n<\/div>\n\n\n\n<div class=\"wp-block-buttons is-content-justification-center is-layout-flex wp-container-core-buttons-is-layout-a89b3969 wp-block-buttons-is-layout-flex\">\n<div class=\"wp-block-button\"><a class=\"wp-block-button__link wp-element-button\" href=\"https:\/\/2025.tooliss.de\/technologien\/\">further details<\/a><\/div>\n<\/div>\n<\/div>\n<\/main>","protected":false},"excerpt":{"rendered":"<p>Technische Kunststoff- und Metallteile Wir unterst\u00fctzen Sie bei der Beschaffung jeglicher Kunststoff- und Metallteile in verschiedenen Herstellungsverfahren, damit Sie ein ideales Ergebnis erzielen. Unsere Dienstleistung f\u00fcr Sie Fertigungsverfahren Wir analysieren, ob konstruktive \u00c4nderungen den Einsatz kosteng\u00fcnstigerer Fertigungsverfahren erm\u00f6glichen \u2013 f\u00fcr mehr Wirtschaftlichkeit ohne Qualit\u00e4tseinbu\u00dfen. Werkzeugtechnik Wir pr\u00fcfen, welche Werkzeugtechnik sich f\u00fcr Ihre Anwendung am besten [&hellip;]<\/p>","protected":false},"author":1,"featured_media":0,"parent":0,"menu_order":0,"comment_status":"closed","ping_status":"closed","template":"page-no-title","meta":{"footnotes":""},"class_list":["post-205","page","type-page","status-publish","hentry"],"_links":{"self":[{"href":"https:\/\/tooliss.de\/en\/wp-json\/wp\/v2\/pages\/205","targetHints":{"allow":["GET"]}}],"collection":[{"href":"https:\/\/tooliss.de\/en\/wp-json\/wp\/v2\/pages"}],"about":[{"href":"https:\/\/tooliss.de\/en\/wp-json\/wp\/v2\/types\/page"}],"author":[{"embeddable":true,"href":"https:\/\/tooliss.de\/en\/wp-json\/wp\/v2\/users\/1"}],"replies":[{"embeddable":true,"href":"https:\/\/tooliss.de\/en\/wp-json\/wp\/v2\/comments?post=205"}],"version-history":[{"count":0,"href":"https:\/\/tooliss.de\/en\/wp-json\/wp\/v2\/pages\/205\/revisions"}],"wp:attachment":[{"href":"https:\/\/tooliss.de\/en\/wp-json\/wp\/v2\/media?parent=205"}],"curies":[{"name":"wp","href":"https:\/\/api.w.org\/{rel}","templated":true}]}}