{"id":312,"date":"2025-06-03T09:02:14","date_gmt":"2025-06-03T07:02:14","guid":{"rendered":"https:\/\/2025.tooliss.de\/?page_id=312"},"modified":"2025-08-19T10:51:21","modified_gmt":"2025-08-19T08:51:21","slug":"anfragehinweise","status":"publish","type":"page","link":"https:\/\/tooliss.de\/en\/anfragehinweise\/","title":{"rendered":"Anfragehinweise"},"content":{"rendered":"<div style=\"height:59px\" aria-hidden=\"true\" class=\"wp-block-spacer\"><\/div>\n\n\n\n<h2 class=\"wp-block-heading has-text-align-center\">Notes on the request<\/h2>\n\n\n\n<div style=\"margin-top:0;margin-bottom:0;height:var(--wp--preset--spacing--30)\" aria-hidden=\"true\" class=\"wp-block-spacer\"><\/div>\n\n\n\n<ul class=\"wp-block-list\">\n<li>Your data will be treated confidentially with or without an NDA.<\/li>\n\n\n\n<li>Confidentiality agreements are always processed at short notice.<\/li>\n\n\n\n<li>Wir empfangen per Mail Daten bis max. 50 MB (gr\u00f6\u00dfere Daten k\u00f6nnen \u00fcber sichere Anbieter ausgetauscht werden).<\/li>\n\n\n\n<li>3D data in step format and 2D drawings with details of tolerances are ideal.<\/li>\n\n\n\n<li>We require information on planned quantities for technology assessment.<\/li>\n\n\n\n<li>Information on ambient temperature, ambient humidity, ambient substances, cleaning agents, mechanical stress, UL regulations, EMC requirements, surfaces, color, structure, printing, etc. is advantageous.<\/li>\n\n\n\n<li>If you are using materials that you have already tested, please let us know.<\/li>\n<\/ul>\n\n\n\n<p>After receipt of the data, further queries will be clarified at short notice.<br>If you have any specific questions, please call us in advance on +49 (7181) 60678 - 0.<\/p>","protected":false},"excerpt":{"rendered":"<p>Hinweise zur Anfrage Nach Empfang der Daten werden weitere R\u00fcckfragen kurzfristig abgekl\u00e4rt.F\u00fcr spezielle Fragen stehen wir jederzeit vorab telefonisch unter +49 (7181) 60678 &#8211; 0 zur Verf\u00fcgung.<\/p>","protected":false},"author":1,"featured_media":0,"parent":0,"menu_order":0,"comment_status":"closed","ping_status":"closed","template":"page-no-title","meta":{"footnotes":""},"class_list":["post-312","page","type-page","status-publish","hentry"],"_links":{"self":[{"href":"https:\/\/tooliss.de\/en\/wp-json\/wp\/v2\/pages\/312","targetHints":{"allow":["GET"]}}],"collection":[{"href":"https:\/\/tooliss.de\/en\/wp-json\/wp\/v2\/pages"}],"about":[{"href":"https:\/\/tooliss.de\/en\/wp-json\/wp\/v2\/types\/page"}],"author":[{"embeddable":true,"href":"https:\/\/tooliss.de\/en\/wp-json\/wp\/v2\/users\/1"}],"replies":[{"embeddable":true,"href":"https:\/\/tooliss.de\/en\/wp-json\/wp\/v2\/comments?post=312"}],"version-history":[{"count":0,"href":"https:\/\/tooliss.de\/en\/wp-json\/wp\/v2\/pages\/312\/revisions"}],"wp:attachment":[{"href":"https:\/\/tooliss.de\/en\/wp-json\/wp\/v2\/media?parent=312"}],"curies":[{"name":"wp","href":"https:\/\/api.w.org\/{rel}","templated":true}]}}