{"id":92,"date":"2025-05-22T09:43:17","date_gmt":"2025-05-22T07:43:17","guid":{"rendered":"http:\/\/2025.tooliss.de\/?page_id=92"},"modified":"2025-08-19T10:48:31","modified_gmt":"2025-08-19T08:48:31","slug":"geschichte","status":"publish","type":"page","link":"https:\/\/tooliss.de\/en\/geschichte\/","title":{"rendered":"History"},"content":{"rendered":"<p>Seit unserer Gr\u00fcndung 2005 durch Herrn Detlef Holzwarth haben wir uns als Ingenieurdienstleister konsequent weiterentwickelt. Angefangen mit der Anwendung verschiedener Kunststofftechnologien, identifizierten wir fr\u00fchzeitig die wirtschaftlich und technisch idealen Verfahren f\u00fcr unsere Kunden. Um den steigenden Anforderungen gerecht zu werden, erweiterten wir kurz darauf unser Leistungsspektrum um innovative Metallbearbeitungsverfahren.<\/p>\n\n\n\n<p>In den vergangenen Jahren haben wir unser Know-how noch weiter ausgebaut: Wir integrierten Elektronikfertigung (SMD-Best\u00fcckung, Kabelkonfektion) und anspruchsvolle Montageprozesse \u2013 etwa in der Medizintechnik \u2013 in unser Portfolio. Gleichzeitig wuchs kontinuierlich unsere Lieferantendatenbank, sodass wir heute auf ein breites Netzwerk namhafter Partner zur\u00fcckgreifen k\u00f6nnen.<\/p>\n\n\n\n<p>Bis heute realisieren wir jedes Jahr rund 200 Projekte f\u00fcr Kunden aus unterschiedlichsten Branchen:<\/p>\n\n\n\n<ul class=\"wp-block-list\">\n<li>Agriculture<\/li>\n\n\n\n<li>Energy technology<\/li>\n\n\n\n<li>Building technology<\/li>\n\n\n\n<li>Heating technology<\/li>\n\n\n\n<li>Mechanical engineering<\/li>\n\n\n\n<li>Medical technology<\/li>\n\n\n\n<li>Measurement technology<\/li>\n\n\n\n<li>Commercial vehicles<\/li>\n\n\n\n<li>Water technology<\/li>\n<\/ul>\n\n\n\n<p>Unser Team ist inzwischen auf zehn festangestellte Mitarbeiter gewachsen, die in Urbach, verkehrsg\u00fcnstig direkt an der B29 zwischen Stuttgart und Aalen, gemeinsam an idealen L\u00f6sungen f\u00fcr unsere Kunden arbeiten.<\/p>","protected":false},"excerpt":{"rendered":"<p>Seit unserer Gr\u00fcndung 2005 durch Herrn Detlef Holzwarth haben wir uns als Ingenieurdienstleister konsequent weiterentwickelt. Angefangen mit der Anwendung verschiedener Kunststofftechnologien, identifizierten wir fr\u00fchzeitig die wirtschaftlich und technisch idealen Verfahren f\u00fcr unsere Kunden. Um den steigenden Anforderungen gerecht zu werden, erweiterten wir kurz darauf unser Leistungsspektrum um innovative Metallbearbeitungsverfahren. In den vergangenen Jahren haben wir [&hellip;]<\/p>","protected":false},"author":1,"featured_media":0,"parent":0,"menu_order":0,"comment_status":"closed","ping_status":"closed","template":"","meta":{"footnotes":""},"class_list":["post-92","page","type-page","status-publish","hentry"],"_links":{"self":[{"href":"https:\/\/tooliss.de\/en\/wp-json\/wp\/v2\/pages\/92","targetHints":{"allow":["GET"]}}],"collection":[{"href":"https:\/\/tooliss.de\/en\/wp-json\/wp\/v2\/pages"}],"about":[{"href":"https:\/\/tooliss.de\/en\/wp-json\/wp\/v2\/types\/page"}],"author":[{"embeddable":true,"href":"https:\/\/tooliss.de\/en\/wp-json\/wp\/v2\/users\/1"}],"replies":[{"embeddable":true,"href":"https:\/\/tooliss.de\/en\/wp-json\/wp\/v2\/comments?post=92"}],"version-history":[{"count":0,"href":"https:\/\/tooliss.de\/en\/wp-json\/wp\/v2\/pages\/92\/revisions"}],"wp:attachment":[{"href":"https:\/\/tooliss.de\/en\/wp-json\/wp\/v2\/media?parent=92"}],"curies":[{"name":"wp","href":"https:\/\/api.w.org\/{rel}","templated":true}]}}